{"id":647,"date":"2019-02-07T16:28:09","date_gmt":"2019-02-07T15:28:09","guid":{"rendered":"https:\/\/www.ig-cube.de\/produkter\/design-og-facade\/"},"modified":"2026-01-22T14:48:44","modified_gmt":"2026-01-22T13:48:44","slug":"design-og-facade","status":"publish","type":"page","link":"https:\/\/www.ig-cube.de\/da\/design-og-facade\/","title":{"rendered":"Design og facade"},"content":{"rendered":"\n<style type=\"text\/css\" data-created_by=\"avia_inline_auto\" id=\"style-css-av-m67wtxug-829c8b4aa3813860d8a90b3d9df953ef\">\n#top .av-special-heading.av-m67wtxug-829c8b4aa3813860d8a90b3d9df953ef{\npadding-bottom:10px;\n}\nbody .av-special-heading.av-m67wtxug-829c8b4aa3813860d8a90b3d9df953ef .av-special-heading-tag .heading-char{\nfont-size:25px;\n}\n.av-special-heading.av-m67wtxug-829c8b4aa3813860d8a90b3d9df953ef .av-subheading{\nfont-size:15px;\n}\n<\/style>\n<div  class='av-special-heading av-m67wtxug-829c8b4aa3813860d8a90b3d9df953ef av-special-heading-h1 blockquote modern-quote  avia-builder-el-0  el_before_av_section  avia-builder-el-no-sibling '><h1 class='av-special-heading-tag'  itemprop=\"headline\"  >Design og facade<\/h1><div class=\"special-heading-border\"><div class=\"special-heading-inner-border\"><\/div><\/div><\/div>\n<\/div><\/div><\/div><!-- close content main div --><\/div><\/div><div id='av_section_1'  class='avia-section av-1wm5c-47b4bb8e14dd624310eb7984698a984e main_color avia-section-default avia-no-border-styling  avia-builder-el-1  el_after_av_heading  avia-builder-el-last  avia-bg-style-scroll container_wrap sidebar_right'  ><div class='container av-section-cont-open' ><div class='template-page content  av-content-small alpha units'><div class='post-entry post-entry-type-page post-entry-647'><div class='entry-content-wrapper clearfix'>\n<div  class='flex_column av-1d0o4-091b530930382694d4980c1791e79e4a av_one_half  avia-builder-el-2  el_before_av_one_half  avia-builder-el-first  first flex_column_div  '     ><p>\n<style type=\"text\/css\" data-created_by=\"avia_inline_auto\" id=\"style-css-av-m67xggis-43b1c5ddec4479be09ca7af886722f5b\">\n.avia-image-container.av-m67xggis-43b1c5ddec4479be09ca7af886722f5b img.avia_image{\nbox-shadow:none;\n}\n.avia-image-container.av-m67xggis-43b1c5ddec4479be09ca7af886722f5b .av-image-caption-overlay-center{\ncolor:#ffffff;\n}\n<\/style>\n<div  class='avia-image-container av-m67xggis-43b1c5ddec4479be09ca7af886722f5b av-styling- avia-align-center  avia-builder-el-3  el_before_av_gallery  avia-builder-el-first '   itemprop=\"image\" itemscope=\"itemscope\" itemtype=\"https:\/\/schema.org\/ImageObject\" ><div class=\"avia-image-container-inner\"><div class=\"avia-image-overlay-wrap\"><img decoding=\"async\" fetchpriority=\"high\" class='wp-image-1048 avia-img-lazy-loading-not-1048 avia_image ' src=\"https:\/\/www.ig-cube.de\/wp-content\/uploads\/2026\/01\/fassade-1.jpg\" alt='ig-cube-gestalt-fassade-optik' title='fassade'  height=\"1975\" width=\"1500\"  itemprop=\"thumbnailUrl\" srcset=\"https:\/\/www.ig-cube.de\/wp-content\/uploads\/2026\/01\/fassade-1.jpg 1500w, https:\/\/www.ig-cube.de\/wp-content\/uploads\/2026\/01\/fassade-1-228x300.jpg 228w, https:\/\/www.ig-cube.de\/wp-content\/uploads\/2026\/01\/fassade-1-782x1030.jpg 782w, https:\/\/www.ig-cube.de\/wp-content\/uploads\/2026\/01\/fassade-1-768x1011.jpg 768w, https:\/\/www.ig-cube.de\/wp-content\/uploads\/2026\/01\/fassade-1-1167x1536.jpg 1167w, https:\/\/www.ig-cube.de\/wp-content\/uploads\/2026\/01\/fassade-1-1139x1500.jpg 1139w, https:\/\/www.ig-cube.de\/wp-content\/uploads\/2026\/01\/fassade-1-535x705.jpg 535w\" sizes=\"(max-width: 1500px) 100vw, 1500px\" \/><\/div><\/div><\/div><br \/>\n\n<style type=\"text\/css\" data-created_by=\"avia_inline_auto\" id=\"style-css-av-m67xdumh-698d734f87ce47bf14d07babff410c81\">\n#top .avia-gallery.av-m67xdumh-698d734f87ce47bf14d07babff410c81 .avia-gallery-thumb a{\nwidth:20%;\n}\n<\/style>\n<div  class='avia-gallery av-m67xdumh-698d734f87ce47bf14d07babff410c81 avia_animate_when_visible  avia-builder-el-4  el_after_av_image  avia-builder-el-last  avia_lazyload avia-gallery-animate avia-gallery-1'  itemprop=\"image\" itemscope=\"itemscope\" itemtype=\"https:\/\/schema.org\/ImageObject\" ><meta itemprop=\"contentURL\" content=\"https:\/\/www.ig-cube.de\/da\/design-og-facade\/\"><div class='avia-gallery-thumb'><a href=\"https:\/\/www.ig-cube.de\/wp-content\/uploads\/2019\/02\/laerche_2_jahre.jpg\" data-rel='gallery-1' data-prev-img='https:\/\/www.ig-cube.de\/wp-content\/uploads\/2019\/02\/laerche_2_jahre.jpg' class='first_thumb lightbox ' data-onclick='1' title='Fassade L\u00e4rchenholz nach 2 Jahren'  itemprop=\"thumbnailUrl\"  ><img decoding=\"async\" fetchpriority=\"high\" class=\"wp-image-583 avia-img-lazy-loading-not-583\"  data-avia-tooltip='Fassade L\u00e4rchenholz nach 2 Jahren' src=\"https:\/\/www.ig-cube.de\/wp-content\/uploads\/2019\/02\/laerche_2_jahre.jpg\" width=\"100\" height=\"100\"  title='laerche_2_jahre' alt='Fassade L\u00e4rchenholz nach 2 Jahren' \/><div class='big-prev-fake'><img decoding=\"async\" loading=\"lazy\" class=\"wp-image-583 avia-img-lazy-loading-583\"  width=\"100\" height=\"100\" src=\"https:\/\/www.ig-cube.de\/wp-content\/uploads\/2019\/02\/laerche_2_jahre.jpg\" title='laerche_2_jahre' alt='Fassade L\u00e4rchenholz nach 2 Jahren' \/><\/div><\/a><a href=\"https:\/\/www.ig-cube.de\/wp-content\/uploads\/2026\/01\/laerche_fassade-1.jpg\" data-srcset=\"https:\/\/www.ig-cube.de\/wp-content\/uploads\/2026\/01\/laerche_fassade-1.jpg 100w, https:\/\/www.ig-cube.de\/wp-content\/uploads\/2026\/01\/laerche_fassade-1-80x80.jpg 80w, https:\/\/www.ig-cube.de\/wp-content\/uploads\/2026\/01\/laerche_fassade-1-36x36.jpg 36w\" data-sizes=\"(max-width: 100px) 100vw, 100px\" data-rel='gallery-1' data-prev-img='https:\/\/www.ig-cube.de\/wp-content\/uploads\/2026\/01\/laerche_fassade-1.jpg' class='lightbox ' data-onclick='2' title='Fassade L\u00e4rchenholz'  itemprop=\"thumbnailUrl\"  ><img decoding=\"async\" fetchpriority=\"high\" class=\"wp-image-1055 avia-img-lazy-loading-not-1055\"  data-avia-tooltip='Fassade L\u00e4rchenholz' src=\"https:\/\/www.ig-cube.de\/wp-content\/uploads\/2026\/01\/laerche_fassade-1.jpg\" width=\"100\" height=\"100\"  title='laerche_fassade' alt='' srcset=\"https:\/\/www.ig-cube.de\/wp-content\/uploads\/2026\/01\/laerche_fassade-1.jpg 100w, https:\/\/www.ig-cube.de\/wp-content\/uploads\/2026\/01\/laerche_fassade-1-80x80.jpg 80w, https:\/\/www.ig-cube.de\/wp-content\/uploads\/2026\/01\/laerche_fassade-1-36x36.jpg 36w\" sizes=\"(max-width: 100px) 100vw, 100px\" \/><div class='big-prev-fake'><img decoding=\"async\" loading=\"lazy\" class=\"wp-image-1055 avia-img-lazy-loading-1055\"  width=\"100\" height=\"100\" src=\"https:\/\/www.ig-cube.de\/wp-content\/uploads\/2026\/01\/laerche_fassade-1.jpg\" title='laerche_fassade' alt='' srcset=\"https:\/\/www.ig-cube.de\/wp-content\/uploads\/2026\/01\/laerche_fassade-1.jpg 100w, https:\/\/www.ig-cube.de\/wp-content\/uploads\/2026\/01\/laerche_fassade-1-80x80.jpg 80w, https:\/\/www.ig-cube.de\/wp-content\/uploads\/2026\/01\/laerche_fassade-1-36x36.jpg 36w\" sizes=\"auto, (max-width: 100px) 100vw, 100px\" \/><\/div><\/a><a href=\"https:\/\/www.ig-cube.de\/wp-content\/uploads\/2026\/01\/resopal_weiss-crop-u19938-1.jpg\" data-rel='gallery-1' data-prev-img='https:\/\/www.ig-cube.de\/wp-content\/uploads\/2026\/01\/resopal_weiss-crop-u19938-1.jpg' class='lightbox ' data-onclick='3' title='Fassade Resopal'  itemprop=\"thumbnailUrl\"  ><img decoding=\"async\" fetchpriority=\"high\" class=\"wp-image-1064 avia-img-lazy-loading-not-1064\"  data-avia-tooltip='Fassade Resopal' src=\"https:\/\/www.ig-cube.de\/wp-content\/uploads\/2026\/01\/resopal_weiss-crop-u19938-1.jpg\" width=\"100\" height=\"100\"  title='resopal_weiss-crop-u19938' alt='' \/><div class='big-prev-fake'><img decoding=\"async\" loading=\"lazy\" class=\"wp-image-1064 avia-img-lazy-loading-1064\"  width=\"100\" height=\"100\" src=\"https:\/\/www.ig-cube.de\/wp-content\/uploads\/2026\/01\/resopal_weiss-crop-u19938-1.jpg\" title='resopal_weiss-crop-u19938' alt='' \/><\/div><\/a><\/div><\/div><\/p><\/div><div  class='flex_column av-109pw-ce05a1807b30042ee802f0b4fe44a79d av_one_half  avia-builder-el-5  el_after_av_one_half  avia-builder-el-last  flex_column_div  '     ><section  class='av_textblock_section av-m67x307i-6a5d70cf2ea9a1aef804421bc5938fbb '   itemscope=\"itemscope\" itemtype=\"https:\/\/schema.org\/CreativeWork\" ><div class='avia_textblock'  itemprop=\"text\" ><p><strong>Tr\u00e6<\/strong><\/p>\n<p>Farve: Select Osmo landhusmaling Natur: Ubehandlet l\u00e6rk<\/p>\n<p><strong>HPL-laminat<\/strong><\/p>\n<p>Farve i henhold til RAL-kort Grafik i henhold til valg<\/p>\n<p><strong>Facaden bestemmer udseendet af din IG-CUBE<\/strong><\/p>\n<p>Tr\u00e6facader af industrielt lakeret profileret tr\u00e6 har vandrette skyggespalter, som giver overfladen et sm\u00e5skaligt udseende med fine linjer. Dette opdeler overfladen i mange smalle dele, og en subjektivt mindre overflade bliver m\u00e6rkbar. Generelt ser en IG-CUBE mindre i\u00f8jnefaldende ud i lyse nuancer, men de st\u00e6rkere farver som antracit eller sort kan skabe en bevidst stimulerende effekt i haven til moderne, lyse bygninger og er s\u00e6rligt i\u00f8jnefaldende med planter som fyrretr\u00e6er og skulpturelle planter, f.eks. bonsai.<\/p>\n<p>HPL-laminatfacader er et godt valg til st\u00f8rre ejendomme og moderne arkitektur, is\u00e6r lyse glatte facader p\u00e5 bygningen korresponderer med de livlige farver og m\u00f8nstre. Men du kan ogs\u00e5 kombinere fritlagt murv\u00e6rk med farver.<br \/>\nDu kan sende os et billede af din bygning, s\u00e5 bruger vi vores erfaring og vores arkitektteams ekspertise til at hj\u00e6lpe dig med at v\u00e6lge den perfekte l\u00f8sning. Farve\u00e6ndringer i materialet er et perfekt designv\u00e6rkt\u00f8j til nybyggeri med IG-CUBE. Ikke mere monotoni p\u00e5 grund af serieanalogier. Du bruger dette v\u00e6rkt\u00f8j til at kontrollere, hvor attraktive dine udend\u00f8rsarealer er.<\/p>\n<\/div><\/section><\/div><\/div><\/div><\/div><!-- close content main div --><\/div><\/div><div id='after_section_1'  class='main_color av_default_container_wrap container_wrap sidebar_right'  ><div class='container av-section-cont-open' ><div class='template-page content  av-content-small alpha units'><div class='post-entry post-entry-type-page post-entry-647'><div class='entry-content-wrapper clearfix'>\n","protected":false},"excerpt":{"rendered":"","protected":false},"author":2,"featured_media":0,"parent":0,"menu_order":0,"comment_status":"closed","ping_status":"closed","template":"","meta":{"footnotes":""},"class_list":["post-647","page","type-page","status-publish","hentry"],"_links":{"self":[{"href":"https:\/\/www.ig-cube.de\/da\/wp-json\/wp\/v2\/pages\/647","targetHints":{"allow":["GET"]}}],"collection":[{"href":"https:\/\/www.ig-cube.de\/da\/wp-json\/wp\/v2\/pages"}],"about":[{"href":"https:\/\/www.ig-cube.de\/da\/wp-json\/wp\/v2\/types\/page"}],"author":[{"embeddable":true,"href":"https:\/\/www.ig-cube.de\/da\/wp-json\/wp\/v2\/users\/2"}],"replies":[{"embeddable":true,"href":"https:\/\/www.ig-cube.de\/da\/wp-json\/wp\/v2\/comments?post=647"}],"version-history":[{"count":18,"href":"https:\/\/www.ig-cube.de\/da\/wp-json\/wp\/v2\/pages\/647\/revisions"}],"predecessor-version":[{"id":1286,"href":"https:\/\/www.ig-cube.de\/da\/wp-json\/wp\/v2\/pages\/647\/revisions\/1286"}],"wp:attachment":[{"href":"https:\/\/www.ig-cube.de\/da\/wp-json\/wp\/v2\/media?parent=647"}],"curies":[{"name":"wp","href":"https:\/\/api.w.org\/{rel}","templated":true}]}}