{"id":655,"date":"2019-02-07T16:27:42","date_gmt":"2019-02-07T15:27:42","guid":{"rendered":"https:\/\/www.ig-cube.de\/produkter\/funktion-og-orden\/"},"modified":"2026-01-22T14:51:39","modified_gmt":"2026-01-22T13:51:39","slug":"funktion-og-orden","status":"publish","type":"page","link":"https:\/\/www.ig-cube.de\/da\/funktion-og-orden\/","title":{"rendered":"Funktion og orden"},"content":{"rendered":"\n<style type=\"text\/css\" data-created_by=\"avia_inline_auto\" id=\"style-css-av-m67wkm5u-8477cf857388a2059578b5cc25f50686\">\n#top .av-special-heading.av-m67wkm5u-8477cf857388a2059578b5cc25f50686{\npadding-bottom:10px;\n}\nbody .av-special-heading.av-m67wkm5u-8477cf857388a2059578b5cc25f50686 .av-special-heading-tag .heading-char{\nfont-size:25px;\n}\n.av-special-heading.av-m67wkm5u-8477cf857388a2059578b5cc25f50686 .av-subheading{\nfont-size:15px;\n}\n<\/style>\n<div  class='av-special-heading av-m67wkm5u-8477cf857388a2059578b5cc25f50686 av-special-heading-h1 blockquote modern-quote  avia-builder-el-0  el_before_av_section  avia-builder-el-no-sibling '><h1 class='av-special-heading-tag'  itemprop=\"headline\"  >Funktion og orden<\/h1><div class=\"special-heading-border\"><div class=\"special-heading-inner-border\"><\/div><\/div><\/div>\n<\/div><\/div><\/div><!-- close content main div --><\/div><\/div><div id='av_section_1'  class='avia-section av-1x8oe-4b377d21dd91111d6cddfefaa7c41a17 main_color avia-section-default avia-no-border-styling  avia-builder-el-1  el_after_av_heading  avia-builder-el-last  avia-bg-style-scroll container_wrap sidebar_right'  ><div class='container av-section-cont-open' ><div class='template-page content  av-content-small alpha units'><div class='post-entry post-entry-type-page post-entry-655'><div class='entry-content-wrapper clearfix'>\n<div  class='flex_column av-1a4ci-dd9bd31d1c6d117461a9082b4db815ac av_one_half  avia-builder-el-2  el_before_av_one_half  avia-builder-el-first  first flex_column_div  '     ><style type=\"text\/css\" data-created_by=\"avia_inline_auto\" id=\"style-css-av-m67wm0ud-c2137fc7483b4e06d117353e7eb146e1\">\n.avia-image-container.av-m67wm0ud-c2137fc7483b4e06d117353e7eb146e1 img.avia_image{\nbox-shadow:none;\n}\n.avia-image-container.av-m67wm0ud-c2137fc7483b4e06d117353e7eb146e1 .av-image-caption-overlay-center{\ncolor:#ffffff;\n}\n<\/style>\n<div  class='avia-image-container av-m67wm0ud-c2137fc7483b4e06d117353e7eb146e1 av-styling- avia-align-center  avia-builder-el-3  avia-builder-el-no-sibling '   itemprop=\"image\" itemscope=\"itemscope\" itemtype=\"https:\/\/schema.org\/ImageObject\" ><div class=\"avia-image-container-inner\"><div class=\"avia-image-overlay-wrap\"><img decoding=\"async\" fetchpriority=\"high\" class='wp-image-1022 avia-img-lazy-loading-not-1022 avia_image ' src=\"https:\/\/www.ig-cube.de\/wp-content\/uploads\/2026\/01\/funktion.jpg\" alt='IG Cube Outdoor Storage Funktion &amp; Ordnung' title='funktion'  height=\"2193\" width=\"1480\"  itemprop=\"thumbnailUrl\" srcset=\"https:\/\/www.ig-cube.de\/wp-content\/uploads\/2026\/01\/funktion.jpg 1480w, https:\/\/www.ig-cube.de\/wp-content\/uploads\/2026\/01\/funktion-202x300.jpg 202w, https:\/\/www.ig-cube.de\/wp-content\/uploads\/2026\/01\/funktion-695x1030.jpg 695w, https:\/\/www.ig-cube.de\/wp-content\/uploads\/2026\/01\/funktion-768x1138.jpg 768w, https:\/\/www.ig-cube.de\/wp-content\/uploads\/2026\/01\/funktion-1037x1536.jpg 1037w, https:\/\/www.ig-cube.de\/wp-content\/uploads\/2026\/01\/funktion-1382x2048.jpg 1382w, https:\/\/www.ig-cube.de\/wp-content\/uploads\/2026\/01\/funktion-1012x1500.jpg 1012w, https:\/\/www.ig-cube.de\/wp-content\/uploads\/2026\/01\/funktion-476x705.jpg 476w\" sizes=\"(max-width: 1480px) 100vw, 1480px\" \/><\/div><\/div><\/div><\/div><div  class='flex_column av-pdcu-f7b7571c22f4d815b934c9eda0401b16 av_one_half  avia-builder-el-4  el_after_av_one_half  avia-builder-el-last  flex_column_div  '     ><section  class='av_textblock_section av-m67wk1d8-ca634cf0fa900c9db1cc4f53906ebea7 '   itemscope=\"itemscope\" itemtype=\"https:\/\/schema.org\/CreativeWork\" ><div class='avia_textblock'  itemprop=\"text\" ><p><strong>Funktion<\/strong><\/p>\n<p>K\u00f8lig opbevaring T\u00f8r, ventileret opbevaring Overskuelighed og dagslys L\u00e5sbare d\u00f8re Plantekasser og krukker Permanent beplantning Vandh\u00e5ndtering<\/p>\n<p><strong>Bestil<\/strong><\/p>\n<p>Klapbord og klapstole, S\u00e6dehynder, Kulgrill, Gasgrill inkl.<\/p>\n<p>Tilbeh\u00f8r, genbrugskasser, papir, genbrugsmaterialer, glas, drikkekasser, haveredskaber, g\u00f8dning, fuglefoder, koste, liggestole, leget\u00f8j<\/p>\n<\/div><\/section><\/div><\/div><\/div><\/div><!-- close content main div --><\/div><\/div><div id='after_section_1'  class='main_color av_default_container_wrap container_wrap sidebar_right'  ><div class='container av-section-cont-open' ><div class='template-page content  av-content-small alpha units'><div class='post-entry post-entry-type-page post-entry-655'><div class='entry-content-wrapper clearfix'>\n","protected":false},"excerpt":{"rendered":"","protected":false},"author":2,"featured_media":0,"parent":0,"menu_order":0,"comment_status":"closed","ping_status":"closed","template":"","meta":{"footnotes":""},"class_list":["post-655","page","type-page","status-publish","hentry"],"_links":{"self":[{"href":"https:\/\/www.ig-cube.de\/da\/wp-json\/wp\/v2\/pages\/655","targetHints":{"allow":["GET"]}}],"collection":[{"href":"https:\/\/www.ig-cube.de\/da\/wp-json\/wp\/v2\/pages"}],"about":[{"href":"https:\/\/www.ig-cube.de\/da\/wp-json\/wp\/v2\/types\/page"}],"author":[{"embeddable":true,"href":"https:\/\/www.ig-cube.de\/da\/wp-json\/wp\/v2\/users\/2"}],"replies":[{"embeddable":true,"href":"https:\/\/www.ig-cube.de\/da\/wp-json\/wp\/v2\/comments?post=655"}],"version-history":[{"count":9,"href":"https:\/\/www.ig-cube.de\/da\/wp-json\/wp\/v2\/pages\/655\/revisions"}],"predecessor-version":[{"id":1303,"href":"https:\/\/www.ig-cube.de\/da\/wp-json\/wp\/v2\/pages\/655\/revisions\/1303"}],"wp:attachment":[{"href":"https:\/\/www.ig-cube.de\/da\/wp-json\/wp\/v2\/media?parent=655"}],"curies":[{"name":"wp","href":"https:\/\/api.w.org\/{rel}","templated":true}]}}