{"id":657,"date":"2019-02-07T16:29:10","date_gmt":"2019-02-07T15:29:10","guid":{"rendered":"https:\/\/www.ig-cube.de\/produkter\/geometri\/"},"modified":"2026-01-22T14:49:33","modified_gmt":"2026-01-22T13:49:33","slug":"geometri","status":"publish","type":"page","link":"https:\/\/www.ig-cube.de\/da\/geometri\/","title":{"rendered":"Geometri"},"content":{"rendered":"\n<style type=\"text\/css\" data-created_by=\"avia_inline_auto\" id=\"style-css-av-m67xsk0p-0ed186fc23ac67cc156fd78c5fe62a3c\">\n#top .av-special-heading.av-m67xsk0p-0ed186fc23ac67cc156fd78c5fe62a3c{\npadding-bottom:10px;\n}\nbody .av-special-heading.av-m67xsk0p-0ed186fc23ac67cc156fd78c5fe62a3c .av-special-heading-tag .heading-char{\nfont-size:25px;\n}\n.av-special-heading.av-m67xsk0p-0ed186fc23ac67cc156fd78c5fe62a3c .av-subheading{\nfont-size:15px;\n}\n<\/style>\n<div  class='av-special-heading av-m67xsk0p-0ed186fc23ac67cc156fd78c5fe62a3c av-special-heading-h1 blockquote modern-quote  avia-builder-el-0  el_before_av_section  avia-builder-el-no-sibling '><h1 class='av-special-heading-tag'  itemprop=\"headline\"  >Geometri<\/h1><div class=\"special-heading-border\"><div class=\"special-heading-inner-border\"><\/div><\/div><\/div>\n<\/div><\/div><\/div><!-- close content main div --><\/div><\/div><div id='av_section_1'  class='avia-section av-24oco-6e42a6b17106d5fccfbfd173d955e647 main_color avia-section-default avia-no-border-styling  avia-builder-el-1  el_after_av_heading  avia-builder-el-last  avia-bg-style-scroll container_wrap sidebar_right'  ><div class='container av-section-cont-open' ><div class='template-page content  av-content-small alpha units'><div class='post-entry post-entry-type-page post-entry-657'><div class='entry-content-wrapper clearfix'>\n<div  class='flex_column av-19p88-ae49bfdde6e46ff78ab3a36188fbe570 av_one_half  avia-builder-el-2  el_before_av_one_half  avia-builder-el-first  first flex_column_div  '     ><style type=\"text\/css\" data-created_by=\"avia_inline_auto\" id=\"style-css-av-mkphacal-07a61cdf6d2d7871a53f6401434c959a\">\n.avia-image-container.av-mkphacal-07a61cdf6d2d7871a53f6401434c959a img.avia_image{\nbox-shadow:none;\n}\n.avia-image-container.av-mkphacal-07a61cdf6d2d7871a53f6401434c959a .av-image-caption-overlay-center{\ncolor:#ffffff;\n}\n<\/style>\n<div  class='avia-image-container av-mkphacal-07a61cdf6d2d7871a53f6401434c959a av-styling- avia-align-center  avia-builder-el-3  avia-builder-el-no-sibling '   itemprop=\"image\" itemscope=\"itemscope\" itemtype=\"https:\/\/schema.org\/ImageObject\" ><div class=\"avia-image-container-inner\"><div class=\"avia-image-overlay-wrap\"><img decoding=\"async\" fetchpriority=\"high\" class='wp-image-1140 avia-img-lazy-loading-not-1140 avia_image ' src=\"https:\/\/www.ig-cube.de\/wp-content\/uploads\/2026\/01\/funktion-1.jpg\" alt='IG Cube Outdoor Storage Funktion &amp; Ordnung' title='funktion'  height=\"2193\" width=\"1480\"  itemprop=\"thumbnailUrl\"  \/><\/div><\/div><\/div><\/div><div  class='flex_column av-qebk-9da7d9e8a25b27dc1289b9d5e8152fa2 av_one_half  avia-builder-el-4  el_after_av_one_half  avia-builder-el-last  flex_column_div  '     ><section  class='av_textblock_section av-m67xscec-d267b8420da0c676483bb6c812208f0e '   itemscope=\"itemscope\" itemtype=\"https:\/\/schema.org\/CreativeWork\" ><div class='avia_textblock'  itemprop=\"text\" ><p><strong>V\u00e6lg:<\/strong><\/p>\n<p>L\u00e6ngde i trin p\u00e5 1 m fra 1-5 m Bredde i trin p\u00e5 10 cm fra 50 til 80 cm H\u00f8jde 1,96 m Vi tilbyder gerne s\u00e6rlige h\u00f8jder, bare sp\u00f8rg os.<\/p>\n<p><strong>Eksempel 1<\/strong><\/p>\n<p>Til et dobbelthus med terrassedybde 4,5 m 2M+2M, L=4,20 m, B=0,50 m, tr\u00e6farve lysegr\u00e5, 4 ekstra hylder<\/p>\n<p><strong>Eksempel 2<\/strong><\/p>\n<p>Til et dobbelthus med terrassedybde 4,5 m 2M+2M, L=4,20 m, B=0,50 m, tr\u00e6farve lysegr\u00e5, 4 ekstra hylder<\/p>\n<p>Modelillustrationer kan findes under<a style=\"color: #8cc63f;\" href=\"http:\/\/www.ig-cube.de\/produkte\/modelle-und-preise\/\"> Modeller og priser<\/a><\/p>\n<\/div><\/section><\/div><\/div><\/div><\/div><!-- close content main div --><\/div><\/div><div id='after_section_1'  class='main_color av_default_container_wrap container_wrap sidebar_right'  ><div class='container av-section-cont-open' ><div class='template-page content  av-content-small alpha units'><div class='post-entry post-entry-type-page post-entry-657'><div class='entry-content-wrapper clearfix'>\n","protected":false},"excerpt":{"rendered":"","protected":false},"author":2,"featured_media":0,"parent":0,"menu_order":0,"comment_status":"closed","ping_status":"closed","template":"","meta":{"footnotes":""},"class_list":["post-657","page","type-page","status-publish","hentry"],"_links":{"self":[{"href":"https:\/\/www.ig-cube.de\/da\/wp-json\/wp\/v2\/pages\/657","targetHints":{"allow":["GET"]}}],"collection":[{"href":"https:\/\/www.ig-cube.de\/da\/wp-json\/wp\/v2\/pages"}],"about":[{"href":"https:\/\/www.ig-cube.de\/da\/wp-json\/wp\/v2\/types\/page"}],"author":[{"embeddable":true,"href":"https:\/\/www.ig-cube.de\/da\/wp-json\/wp\/v2\/users\/2"}],"replies":[{"embeddable":true,"href":"https:\/\/www.ig-cube.de\/da\/wp-json\/wp\/v2\/comments?post=657"}],"version-history":[{"count":11,"href":"https:\/\/www.ig-cube.de\/da\/wp-json\/wp\/v2\/pages\/657\/revisions"}],"predecessor-version":[{"id":1291,"href":"https:\/\/www.ig-cube.de\/da\/wp-json\/wp\/v2\/pages\/657\/revisions\/1291"}],"wp:attachment":[{"href":"https:\/\/www.ig-cube.de\/da\/wp-json\/wp\/v2\/media?parent=657"}],"curies":[{"name":"wp","href":"https:\/\/api.w.org\/{rel}","templated":true}]}}