{"id":659,"date":"2019-02-07T16:29:33","date_gmt":"2019-02-07T15:29:33","guid":{"rendered":"https:\/\/www.ig-cube.de\/produkter\/tilbehoer-og-ekstraudstyr\/"},"modified":"2026-01-22T14:50:46","modified_gmt":"2026-01-22T13:50:46","slug":"tilbehoer-og-ekstraudstyr","status":"publish","type":"page","link":"https:\/\/www.ig-cube.de\/da\/tilbehoer-og-ekstraudstyr\/","title":{"rendered":"Tilbeh\u00f8r og ekstraudstyr"},"content":{"rendered":"\n<style type=\"text\/css\" data-created_by=\"avia_inline_auto\" id=\"style-css-av-m67xxd3j-3815617ce3a88daa3861469de4af2f96\">\n#top .av-special-heading.av-m67xxd3j-3815617ce3a88daa3861469de4af2f96{\npadding-bottom:10px;\n}\nbody .av-special-heading.av-m67xxd3j-3815617ce3a88daa3861469de4af2f96 .av-special-heading-tag .heading-char{\nfont-size:25px;\n}\n.av-special-heading.av-m67xxd3j-3815617ce3a88daa3861469de4af2f96 .av-subheading{\nfont-size:15px;\n}\n<\/style>\n<div  class='av-special-heading av-m67xxd3j-3815617ce3a88daa3861469de4af2f96 av-special-heading-h1 blockquote modern-quote  avia-builder-el-0  el_before_av_section  avia-builder-el-no-sibling '><h1 class='av-special-heading-tag'  itemprop=\"headline\"  >Tilbeh\u00f8r og ekstraudstyr<\/h1><div class=\"special-heading-border\"><div class=\"special-heading-inner-border\"><\/div><\/div><\/div>\n<\/div><\/div><\/div><!-- close content main div --><\/div><\/div><div id='av_section_1'  class='avia-section av-2a13m-337cad2105b3b3110cca42dcfa20be2e main_color avia-section-default avia-no-border-styling  avia-builder-el-1  el_after_av_heading  avia-builder-el-last  avia-bg-style-scroll container_wrap sidebar_right'  ><div class='container av-section-cont-open' ><div class='template-page content  av-content-small alpha units'><div class='post-entry post-entry-type-page post-entry-659'><div class='entry-content-wrapper clearfix'>\n<div  class='flex_column av-1f8rm-381b9c9d8f44cc2ed3d73d37f0d78e02 av_one_half  avia-builder-el-2  el_before_av_one_half  avia-builder-el-first  first flex_column_div  '     ><style type=\"text\/css\" data-created_by=\"avia_inline_auto\" id=\"style-css-av-m67xzra5-222a218f241a02283b777c0a7e7b5456\">\n.avia-image-container.av-m67xzra5-222a218f241a02283b777c0a7e7b5456 img.avia_image{\nbox-shadow:none;\n}\n.avia-image-container.av-m67xzra5-222a218f241a02283b777c0a7e7b5456 .av-image-caption-overlay-center{\ncolor:#ffffff;\n}\n<\/style>\n<div  class='avia-image-container av-m67xzra5-222a218f241a02283b777c0a7e7b5456 av-styling- avia-align-center  avia-builder-el-3  avia-builder-el-no-sibling '   itemprop=\"image\" itemscope=\"itemscope\" itemtype=\"https:\/\/schema.org\/ImageObject\" ><div class=\"avia-image-container-inner\"><div class=\"avia-image-overlay-wrap\"><a href=\"https:\/\/www.ig-cube.com\/wp-content\/uploads\/2019\/02\/ig-cube_handbuch.pdf\" class='avia_image'  aria-label='ig-cube_handbuch'><img decoding=\"async\" fetchpriority=\"high\" class='wp-image-1159 avia-img-lazy-loading-not-1159 avia_image ' src=\"https:\/\/www.ig-cube.de\/wp-content\/uploads\/2026\/01\/ig-cube_handbuch.jpg\" alt='IG Cube Handbuch f\u00fcr Trennwand mit Abstellraum' title='ig-cube_handbuch'  height=\"395\" width=\"279\"  itemprop=\"thumbnailUrl\" srcset=\"https:\/\/www.ig-cube.de\/wp-content\/uploads\/2026\/01\/ig-cube_handbuch.jpg 279w, https:\/\/www.ig-cube.de\/wp-content\/uploads\/2026\/01\/ig-cube_handbuch-212x300.jpg 212w\" sizes=\"(max-width: 279px) 100vw, 279px\" \/><\/a><\/div><\/div><\/div><\/div><div  class='flex_column av-10vsi-9fe46d8e7cd0d2a73b387b42f73d1e14 av_one_half  avia-builder-el-4  el_after_av_one_half  avia-builder-el-last  flex_column_div  '     ><section  class='av_textblock_section av-m67xx5zz-cc702a49099ccea045ddf64a63a5a2f7 '   itemscope=\"itemscope\" itemtype=\"https:\/\/schema.org\/CreativeWork\" ><div class='avia_textblock'  itemprop=\"text\" ><p><strong>Udstyr i IG-CUBE<\/strong><\/p>\n<p>K\u00f8bsprisen inkluderer 2 indvendige aluminiumshylder pr. d\u00f8r. Beslag medf\u00f8lger. Hvis du har brug for flere, bedes du angive det p\u00e5 bestillingsformularen. Hvis det er muligt, skal du angive installationsh\u00f8jden for de indvendige hylder p\u00e5 samme tid. Ellers kan du bestille det direkte fra mont\u00f8rerne under installationen. Hvis du ikke har givet nogen oplysninger om gulvenes placering, vil de blive sat op som vist p\u00e5 illustrationen. Det kan du nemt selv \u00e6ndre senere ved at flytte beslagene med en akku-skruetr\u00e6kker. S\u00f8rg for at bruge de originale skruer.<\/p>\n<p>Du kan g\u00f8re udstyret inde i IG-CUBE mere praktisk med ekstra funktioner. Indvendig belysning, tv, musikanl\u00e6g, vandtilslutning til et vandingssystem til plantebakken, holder- og oph\u00e6ngningssystemer til haveredskaber, genbrugscontainersystemer.<\/p>\n<p>Du kan integrere alt, hvad du vil. Producenten er ikke ansvarlig for skader p\u00e5 IG-CUBE for\u00e5rsaget af efterf\u00f8lgende tilpassede installationer og kan resultere i udelukkelse af garantien. Lad vores mont\u00f8rer r\u00e5dgive dig.<\/p>\n<p>L\u00e6s mere i manualen <a class=\"download\" href=\"https:\/\/www.ig-cube.de\/wp-content\/uploads\/2019\/02\/ig-cube_handbuch.pdf\">DOWNLOAD<\/a><\/p>\n<\/div><\/section><\/div><\/div><\/div><\/div><!-- close content main div --><\/div><\/div><div id='after_section_1'  class='main_color av_default_container_wrap container_wrap sidebar_right'  ><div class='container av-section-cont-open' ><div class='template-page content  av-content-small alpha units'><div class='post-entry post-entry-type-page post-entry-659'><div class='entry-content-wrapper clearfix'>\n","protected":false},"excerpt":{"rendered":"","protected":false},"author":2,"featured_media":0,"parent":0,"menu_order":0,"comment_status":"closed","ping_status":"closed","template":"","meta":{"footnotes":""},"class_list":["post-659","page","type-page","status-publish","hentry"],"_links":{"self":[{"href":"https:\/\/www.ig-cube.de\/da\/wp-json\/wp\/v2\/pages\/659","targetHints":{"allow":["GET"]}}],"collection":[{"href":"https:\/\/www.ig-cube.de\/da\/wp-json\/wp\/v2\/pages"}],"about":[{"href":"https:\/\/www.ig-cube.de\/da\/wp-json\/wp\/v2\/types\/page"}],"author":[{"embeddable":true,"href":"https:\/\/www.ig-cube.de\/da\/wp-json\/wp\/v2\/users\/2"}],"replies":[{"embeddable":true,"href":"https:\/\/www.ig-cube.de\/da\/wp-json\/wp\/v2\/comments?post=659"}],"version-history":[{"count":5,"href":"https:\/\/www.ig-cube.de\/da\/wp-json\/wp\/v2\/pages\/659\/revisions"}],"predecessor-version":[{"id":1302,"href":"https:\/\/www.ig-cube.de\/da\/wp-json\/wp\/v2\/pages\/659\/revisions\/1302"}],"wp:attachment":[{"href":"https:\/\/www.ig-cube.de\/da\/wp-json\/wp\/v2\/media?parent=659"}],"curies":[{"name":"wp","href":"https:\/\/api.w.org\/{rel}","templated":true}]}}