{"id":676,"date":"2019-02-08T09:50:32","date_gmt":"2019-02-08T08:50:32","guid":{"rendered":"https:\/\/www.ig-cube.de\/paatryk\/"},"modified":"2026-01-22T14:50:29","modified_gmt":"2026-01-22T13:50:29","slug":"paatryk","status":"publish","type":"page","link":"https:\/\/www.ig-cube.de\/da\/paatryk\/","title":{"rendered":"P\u00e5tryk"},"content":{"rendered":"\n<style type=\"text\/css\" data-created_by=\"avia_inline_auto\" id=\"style-css-av-m67za211-30e87b3f396c2afbb84253015c5dc8a0\">\n#top .av-special-heading.av-m67za211-30e87b3f396c2afbb84253015c5dc8a0{\npadding-bottom:10px;\n}\nbody .av-special-heading.av-m67za211-30e87b3f396c2afbb84253015c5dc8a0 .av-special-heading-tag .heading-char{\nfont-size:25px;\n}\n.av-special-heading.av-m67za211-30e87b3f396c2afbb84253015c5dc8a0 .av-subheading{\nfont-size:15px;\n}\n<\/style>\n<div  class='av-special-heading av-m67za211-30e87b3f396c2afbb84253015c5dc8a0 av-special-heading-h1 blockquote modern-quote  avia-builder-el-0  el_before_av_section  avia-builder-el-no-sibling '><h1 class='av-special-heading-tag'  itemprop=\"headline\"  >P\u00e5tryk<\/h1><div class=\"special-heading-border\"><div class=\"special-heading-inner-border\"><\/div><\/div><\/div>\n<\/div><\/div><\/div><!-- close content main div --><\/div><\/div><div id='av_section_1'  class='avia-section av-tcxt-3bafd37a8c61ff814c221de1973baee8 main_color avia-section-default avia-no-border-styling  avia-builder-el-1  el_after_av_heading  avia-builder-el-last  avia-bg-style-scroll container_wrap sidebar_right'  ><div class='container av-section-cont-open' ><div class='template-page content  av-content-small alpha units'><div class='post-entry post-entry-type-page post-entry-676'><div class='entry-content-wrapper clearfix'>\n<section  class='av_textblock_section av-m67z9rbr-b54f00e28bf38f5a4381ced784e0c76d '   itemscope=\"itemscope\" itemtype=\"https:\/\/schema.org\/CreativeWork\" ><div class='avia_textblock'  itemprop=\"text\" ><p>IG-CUBE, Hamborg afdeling Freesienweg 45 22395 Hamborg Tyskland<\/p>\n<p>Administrerende direkt\u00f8r: R\u00fcdiger F\u00fcrle<\/p>\n<p>Hamborgs lokale domstol HRB Hamburg UST-Id.<\/p>\n<p>E-Mail:info@ig-cube.de<br \/>\nTelefon: +49 (0) 40 94 78 72 30 (Bem\u00e6rk venligst: Vi kan tilbyde r\u00e5dgivning under dette telefonnummer.<br \/>\nFax: (+49) 040-32127345200 (Bem\u00e6rk venligst: Dette faxnummer er kun tilg\u00e6ngeligt for bestillinger.<\/p>\n<p><strong>Kundeservice<\/strong><\/p>\n<p>IG-CUBE Freesienweg 45 22395 Hamburg Tyskland E-mail:<a href=\"mailto:info@ig-cube.de\">info@ig-cube.de<\/a> Telefon: +49 (0) 40 &#8211; 84 20 61 21<\/p>\n<p>Ansvarlig for indholdet: R\u00fcdiger F\u00fcrle Produktstyring: R\u00fcdiger F\u00fcrle<\/p>\n<p>Nyheder: Lena F\u00fcrle<\/p>\n<p>Salg: R\u00fcdiger F\u00fcrle E-mail: info@ig-cube.de<\/p>\n<p>A<strong>nsvarsfraskrivelse<\/strong> Trods omhyggelig kontrol af indholdet p\u00e5tager vi os intet ansvar for indholdet af eksterne links. Operat\u00f8rerne af de linkede sider er alene ansvarlige for deres indhold. Billeder og illustrationer er frigivet til offentligg\u00f8relse med forfatterens tilladelse; dette er produktinformation til kunden,<\/p>\n<p>Alle oplysninger &#8211; herunder uddrag &#8211; m\u00e5 kun udbredes eller p\u00e5 anden m\u00e5de offentligg\u00f8res med skriftlig tilladelse fra IG-CUBE. Det er under ingen omst\u00e6ndigheder tilladt at videredistribuere de hentede oplysninger online eller p\u00e5 andre medier eller at bruge dem kommercielt!<\/p>\n<p>T<strong>eknologipartner for IG-CUBE-produkter<\/strong> Hartmann Aluminium, Hamborg Tischlerei Evers, Ammersbek Mordhorst \u00d6kologischer Holzhandel, Hamborg<\/p>\n<p>T<strong>vistel\u00f8sning<\/strong> Vi deltager ikke i et alternativt tvistel\u00f8sningssystem, men du er velkommen til at kontakte vores kundeservice. Du kan for eksempel n\u00e5 os i alle sp\u00f8rgsm\u00e5l p\u00e5 <a class=\"nonblock\" href=\"mailto:info@ig-cube.de\">info@ig-cube.de.<\/a><\/p>\n<\/div><\/section>\n<section  class='av_textblock_section av-m681s712-a1b24178a80bba83eeb01f37d2e03a55 '   itemscope=\"itemscope\" itemtype=\"https:\/\/schema.org\/CreativeWork\" ><div class='avia_textblock'  itemprop=\"text\" ><p><strong>Realisering og design<\/strong><br \/>\nAlexander L\u00f6tsch<br \/>\n<a href=\"https:\/\/site-guru.de\/\">Site-Guru<\/a> Hamburg<\/p>\n<\/div><\/section>\n<\/div><\/div><\/div><!-- close content main div --><\/div><\/div><div id='after_section_1'  class='main_color av_default_container_wrap container_wrap sidebar_right'  ><div class='container av-section-cont-open' ><div class='template-page content  av-content-small alpha units'><div class='post-entry post-entry-type-page post-entry-676'><div class='entry-content-wrapper clearfix'>\n","protected":false},"excerpt":{"rendered":"","protected":false},"author":2,"featured_media":0,"parent":0,"menu_order":0,"comment_status":"closed","ping_status":"closed","template":"","meta":{"footnotes":""},"class_list":["post-676","page","type-page","status-publish","hentry"],"_links":{"self":[{"href":"https:\/\/www.ig-cube.de\/da\/wp-json\/wp\/v2\/pages\/676","targetHints":{"allow":["GET"]}}],"collection":[{"href":"https:\/\/www.ig-cube.de\/da\/wp-json\/wp\/v2\/pages"}],"about":[{"href":"https:\/\/www.ig-cube.de\/da\/wp-json\/wp\/v2\/types\/page"}],"author":[{"embeddable":true,"href":"https:\/\/www.ig-cube.de\/da\/wp-json\/wp\/v2\/users\/2"}],"replies":[{"embeddable":true,"href":"https:\/\/www.ig-cube.de\/da\/wp-json\/wp\/v2\/comments?post=676"}],"version-history":[{"count":17,"href":"https:\/\/www.ig-cube.de\/da\/wp-json\/wp\/v2\/pages\/676\/revisions"}],"predecessor-version":[{"id":1299,"href":"https:\/\/www.ig-cube.de\/da\/wp-json\/wp\/v2\/pages\/676\/revisions\/1299"}],"wp:attachment":[{"href":"https:\/\/www.ig-cube.de\/da\/wp-json\/wp\/v2\/media?parent=676"}],"curies":[{"name":"wp","href":"https:\/\/api.w.org\/{rel}","templated":true}]}}