{"id":681,"date":"2019-02-07T16:33:02","date_gmt":"2019-02-07T15:33:02","guid":{"rendered":"https:\/\/www.ig-cube.de\/levering-og-montering\/"},"modified":"2026-01-22T14:50:03","modified_gmt":"2026-01-22T13:50:03","slug":"levering-og-montering","status":"publish","type":"page","link":"https:\/\/www.ig-cube.de\/da\/levering-og-montering\/","title":{"rendered":"Levering og montering"},"content":{"rendered":"\n<style type=\"text\/css\" data-created_by=\"avia_inline_auto\" id=\"style-css-av-m67y2yyn-7b0fb97cac1fb8412f4372a3f1e2eaff\">\n#top .av-special-heading.av-m67y2yyn-7b0fb97cac1fb8412f4372a3f1e2eaff{\npadding-bottom:10px;\n}\nbody .av-special-heading.av-m67y2yyn-7b0fb97cac1fb8412f4372a3f1e2eaff .av-special-heading-tag .heading-char{\nfont-size:25px;\n}\n.av-special-heading.av-m67y2yyn-7b0fb97cac1fb8412f4372a3f1e2eaff .av-subheading{\nfont-size:15px;\n}\n<\/style>\n<div  class='av-special-heading av-m67y2yyn-7b0fb97cac1fb8412f4372a3f1e2eaff av-special-heading-h1 blockquote modern-quote  avia-builder-el-0  el_before_av_section  avia-builder-el-no-sibling '><h1 class='av-special-heading-tag'  itemprop=\"headline\"  >Levering og montering<\/h1><div class=\"special-heading-border\"><div class=\"special-heading-inner-border\"><\/div><\/div><\/div>\n<\/div><\/div><\/div><!-- close content main div --><\/div><\/div><div id='av_section_1'  class='avia-section av-of11-682c7fd5d134e9c1338f0d524316311b main_color avia-section-default avia-no-border-styling  avia-builder-el-1  el_after_av_heading  avia-builder-el-last  avia-bg-style-scroll container_wrap sidebar_right'  ><div class='container av-section-cont-open' ><div class='template-page content  av-content-small alpha units'><div class='post-entry post-entry-type-page post-entry-681'><div class='entry-content-wrapper clearfix'>\n<section  class='av_textblock_section av-m67y2rve-7f3a1eba45769d83323f6217d84d7fab '   itemscope=\"itemscope\" itemtype=\"https:\/\/schema.org\/CreativeWork\" ><div class='avia_textblock'  itemprop=\"text\" ><p>Alle elementer er pakket med alle n\u00f8dvendige fastg\u00f8relseselementer og monteringsanvisninger Underkonstruktion og fundamenter afh\u00e6ngigt af planl\u00e6gningen som kr\u00e6vet for terrasseomr\u00e5der, en basisramme til nem montering er inkluderet. Uanset om det er tr\u00e6- eller stend\u00e6k, garanterer den medf\u00f8lgende monteringsramme problemfri montering. Leveringstid 4-6 uger Leveringsomkostninger afh\u00e6nger af model og leveringsadresse.<\/p>\n<\/div><\/section>\n<\/div><\/div><\/div><!-- close content main div --><\/div><\/div><div id='after_section_1'  class='main_color av_default_container_wrap container_wrap sidebar_right'  ><div class='container av-section-cont-open' ><div class='template-page content  av-content-small alpha units'><div class='post-entry post-entry-type-page post-entry-681'><div class='entry-content-wrapper clearfix'>\n","protected":false},"excerpt":{"rendered":"","protected":false},"author":2,"featured_media":0,"parent":0,"menu_order":0,"comment_status":"closed","ping_status":"closed","template":"","meta":{"footnotes":""},"class_list":["post-681","page","type-page","status-publish","hentry"],"_links":{"self":[{"href":"https:\/\/www.ig-cube.de\/da\/wp-json\/wp\/v2\/pages\/681","targetHints":{"allow":["GET"]}}],"collection":[{"href":"https:\/\/www.ig-cube.de\/da\/wp-json\/wp\/v2\/pages"}],"about":[{"href":"https:\/\/www.ig-cube.de\/da\/wp-json\/wp\/v2\/types\/page"}],"author":[{"embeddable":true,"href":"https:\/\/www.ig-cube.de\/da\/wp-json\/wp\/v2\/users\/2"}],"replies":[{"embeddable":true,"href":"https:\/\/www.ig-cube.de\/da\/wp-json\/wp\/v2\/comments?post=681"}],"version-history":[{"count":5,"href":"https:\/\/www.ig-cube.de\/da\/wp-json\/wp\/v2\/pages\/681\/revisions"}],"predecessor-version":[{"id":1296,"href":"https:\/\/www.ig-cube.de\/da\/wp-json\/wp\/v2\/pages\/681\/revisions\/1296"}],"wp:attachment":[{"href":"https:\/\/www.ig-cube.de\/da\/wp-json\/wp\/v2\/media?parent=681"}],"curies":[{"name":"wp","href":"https:\/\/api.w.org\/{rel}","templated":true}]}}