{"id":682,"date":"2019-02-04T15:17:17","date_gmt":"2019-02-04T14:17:17","guid":{"rendered":"https:\/\/www.ig-cube.de\/fortrolighedspolitik\/"},"modified":"2026-01-22T14:49:14","modified_gmt":"2026-01-22T13:49:14","slug":"privatlivspolitik","status":"publish","type":"page","link":"https:\/\/www.ig-cube.de\/da\/privatlivspolitik\/","title":{"rendered":"Fortrolighedspolitik"},"content":{"rendered":"\n<style type=\"text\/css\" data-created_by=\"avia_inline_auto\" id=\"style-css-av-m67zctoz-63902becd113e80e605db2a1947ee85a\">\n#top .av-special-heading.av-m67zctoz-63902becd113e80e605db2a1947ee85a{\npadding-bottom:10px;\n}\nbody .av-special-heading.av-m67zctoz-63902becd113e80e605db2a1947ee85a .av-special-heading-tag .heading-char{\nfont-size:25px;\n}\n.av-special-heading.av-m67zctoz-63902becd113e80e605db2a1947ee85a .av-subheading{\nfont-size:15px;\n}\n<\/style>\n<div  class='av-special-heading av-m67zctoz-63902becd113e80e605db2a1947ee85a av-special-heading-h1 blockquote modern-quote  avia-builder-el-0  el_before_av_section  avia-builder-el-no-sibling '><h1 class='av-special-heading-tag'  itemprop=\"headline\"  >Privatlivspolitik<\/h1><div class=\"special-heading-border\"><div class=\"special-heading-inner-border\"><\/div><\/div><\/div>\n<\/div><\/div><\/div><!-- close content main div --><\/div><\/div><div id='av_section_1'  class='avia-section av-bhj3m-75bc4ec830612a9b1cdf3739a8d7c6e4 main_color avia-section-default avia-no-border-styling  avia-builder-el-1  el_after_av_heading  avia-builder-el-last  avia-bg-style-scroll container_wrap sidebar_right'  ><div class='container av-section-cont-open' ><div class='template-page content  av-content-small alpha units'><div class='post-entry post-entry-type-page post-entry-682'><div class='entry-content-wrapper clearfix'>\n<section  class='av_textblock_section av-m67zcgl9-5cba458d7afe1034c1f64866afcbfe40 '   itemscope=\"itemscope\" itemtype=\"https:\/\/schema.org\/CreativeWork\" ><div class='avia_textblock'  itemprop=\"text\" ><p><strong>Generel information og obligatoriske oplysninger<\/strong><\/p>\n<p><strong>Identifikation af den dataansvarlige<\/strong><\/p>\n<p>Den dataansvarlige for behandlingen af personoplysninger p\u00e5 denne hjemmeside er:<\/p>\n<p>IG\u2011CUBE e.K.<br \/>\nHr. F\u00fcrle<br \/>\nFreesienweg 45<br \/>\n22395 Hamburg<\/p>\n<p>Jeg tr\u00e6ffer selv afg\u00f8relse om form\u00e5l og midler til behandling af personoplysninger.<\/p>\n<p><strong>Tilbagetr\u00e6kning af samtykke til databehandling<\/strong><\/p>\n<p>Nogle databehandlingsaktiviteter er kun mulige med dit udtrykkelige samtykke. Du kan til enhver tid tr\u00e6kke dit tidligere samtykke tilbage. Dette kan ske ved en simpel skriftlig besked via e\u2011mail. Lovligheden af den behandling, der allerede har fundet sted f\u00f8r tilbagetr\u00e6kningen, p\u00e5virkes ikke.<\/p>\n<p><strong>Ret til klage hos tilsynsmyndighed<\/strong><\/p>\n<p>Som registreret har du ret til at klage over overtr\u00e6delser af databeskyttelsesreglerne hos den relevante tilsynsmyndighed. Den ansvarlige tilsynsmyndighed vedr\u00f8rende databeskyttelse er databeskyttelsesr\u00e5dgiveren i den delstat, hvor vores virksomhed har hjemsted. En liste over databeskyttelsesmyndigheder og deres kontaktoplysninger findes her:<br \/>\n<a href=\"https:\/\/www.bfdi.bund.de\/DE\/Infothek\/Anschriften_Links\/anschriften_links-node.html\">https:\/\/www.bfdi.bund.de\/DE\/Infothek\/Anschriften_Links\/anschriften_links-node.html<\/a><\/p>\n<p><strong>Ret til dataportabilitet<\/strong><\/p>\n<p>Du har ret til at f\u00e5 udleveret data, som vi behandler automatisk p\u00e5 baggrund af dit samtykke eller for at opfylde en kontrakt, b\u00e5de til dig selv og til en tredjepart. Dataene stilles til r\u00e5dighed i et maskinl\u00e6sbart format. Hvis du anmoder om direkte overf\u00f8rsel til en anden dataansvarlig, sker det kun, hvis det er teknisk muligt.<\/p>\n<p><strong>Ret til indsigt, berigtigelse, sp\u00e6rring og sletning<\/strong><\/p>\n<p>Du har til enhver tid, i henhold til g\u00e6ldende lovgivning, ret til indsigt i dine gemte personoplysninger, oprindelse af data, modtagere og form\u00e5l med behandlingen, samt til at f\u00e5 disse data berigtiget, blokeret eller slettet. For dette og andre sp\u00f8rgsm\u00e5l vedr\u00f8rende personoplysninger kan du kontakte os via kontaktoplysningerne i vores imprint.<\/p>\n<p><strong>SSL-\/TLS-kryptering<\/strong><\/p>\n<p>Af sikkerhedsm\u00e6ssige \u00e5rsager og for at beskytte overf\u00f8rslen af fortrolige oplysninger, som du sender til os, bruger vores hjemmeside SSL\u2011 eller TLS\u2011kryptering. Det betyder, at data, du indtaster p\u00e5 denne hjemmeside, er uaflytbare for tredjepart. Du kan genkende en krypteret forbindelse via \u201chttps:\/\/\u201d i browserens adressefelt og l\u00e5seikonet i adresselinjen.<\/p>\n<p><strong>Server-logfiler<\/strong><\/p>\n<p>Uden at du foretager noget, indsamler og gemmer hjemmesidens udbyder automatisk oplysninger via server-logfiler. Det drejer sig om:<\/p>\n<ul>\n<li>Bes\u00f8gte sider p\u00e5 vores dom\u00e6ne<\/li>\n<li>Dato og tidspunkt for serveranmodning<\/li>\n<\/ul>\n<p>Disse data bliver ikke kombineret med andre datakilder. Behandlingen sker i henhold til artikel 6, stk. 1, lit. b) i GDPR, der tillader behandling af data for at opfylde en kontrakt eller forudg\u00e5ende aftale.<\/p>\n<p><strong>Videregivelse af data ved aftaleindg\u00e5else (k\u00f8b og forsendelse)<\/strong><\/p>\n<p>Personoplysninger videregives kun til tredjepart, hvis det er n\u00f8dvendigt i forbindelse med opfyldelse af en aftale. Tredjepart kan for eksempel v\u00e6re betalingsudbydere eller logistikfirmaer. Der sker ikke yderligere videregivelse uden dit udtrykkelige samtykke.<\/p>\n<p>Juridisk grundlag er artikel 6, stk.\u202f1, lit.\u202fb\u202fGDPR, som tillader behandling af data til opfyldelse af kontrakt eller forudg\u00e5ende foranstaltninger.<\/p>\n<p><strong>Kontaktformular<\/strong><\/p>\n<p>Oplysninger sendt via kontaktformularen, inklusive dine kontaktoplysninger, gemmes for at kunne behandle din henvendelse eller besvare opf\u00f8lgende sp\u00f8rgsm\u00e5l. Disse data videregives ikke uden dit samtykke.<\/p>\n<p>Behandlingen sker kun p\u00e5 grundlag af dit samtykke (artikel 6, stk.\u202f1, lit.\u202fa\u202fGDPR). Du kan til enhver tid tr\u00e6kke dette samtykke tilbage via e\u2011mail. Lovligheden af de behandlingsaktiviteter, der fandt sted f\u00f8r tilbagetr\u00e6kningen, p\u00e5virkes ikke.<\/p>\n<p>Data indtastet i kontaktformularen gemmes hos os, indtil du anmoder om sletning, tr\u00e6kker samtykke tilbage, eller hvis der ikke l\u00e6ngere er grund til at beholde dem. Lovbestemte opbevaringsfrister g\u00e6lder fortsat.<\/p>\n<p><strong>Google Analytics<\/strong><\/p>\n<p>Vi bruger Google Analytics til webanalyse. Udbyder er Google Inc., 1600 Amphitheatre Parkway, Mountain View, CA\u202f94043, USA.<\/p>\n<p>Google Analytics bruger cookies \u2013 sm\u00e5 tekstfiler, som din browser gemmer \u2013 til at analysere brugen af vores hjemmeside. Oplysningerne sendes til Googles servere, lageret som regel i USA.<\/p>\n<p>Brug af Google Analytics-cookies sker i henhold til artikel 6, stk.\u202f1, lit.\u202ff\u202fGDPR. Som hjemmesideoperat\u00f8r har vi en legitim interesse i at analysere brugeradf\u00e6rd for at optimere vores digitale tilbud og annoncering.<\/p>\n<p><strong>IP-anonymisering<\/strong><\/p>\n<p>Vi anvender IP-anonymisering med Google Analytics. Det sikrer, at Googles servere i EU\/E\u00d8S-kontrolpunkter forkorter din IP-adresse, inden den sendes til USA. I sj\u00e6ldne tilf\u00e6lde bliver den fulde IP sendt til USA, men ogs\u00e5 der anonymiseres den. Google bruger disse data til at evaluere dit brug af hjemmesiden, lave rapporter og levere tjenester. Der sker ingen samk\u00f8ring med andre Google-data.<\/p>\n<p><strong>Browser-plugin<\/strong><\/p>\n<p>Du kan forhindre cookies i din browser. Dette kan p\u00e5virke funktionaliteten p\u00e5 vores hjemmeside. Du kan desuden forhindre Google Analytics i at indsamle data, inkl. din IP-adresse, ved at installere dette plugin:<br \/>\n<a href=\"https:\/\/tools.google.com\/dlpage\/gaoptout?hl=de\">https:\/\/tools.google.com\/dlpage\/gaoptout?hl=de<\/a><\/p>\n<p><strong>Modstand mod databehandling<\/strong><\/p>\n<p>For at forhindre Google Analytics i at spore dig, kan du klikke p\u00e5 f\u00f8lgende link for at s\u00e6tte et \u201dopt\u2011out\u201d-cookie, s\u00e5 dine data ikke indsamles ved fremtidige bes\u00f8g: Google Analytics deaktivere.<\/p>\n<p>Yderligere oplysninger om datah\u00e5ndtering i Google Analytics findes i Googles GDPR-databeskyttelsespolitik:<br \/>\n<a href=\"https:\/\/support.google.com\/analytics\/answer\/6004245?hl=de\">https:\/\/support.google.com\/analytics\/answer\/6004245?hl=de<\/a><\/p>\n<p><strong>Databehandleraftale<\/strong><\/p>\n<p>Vi har indg\u00e5et en databehandleraftale med Google for at overholde lov om databeskyttelse.<\/p>\n<p><strong>Demografiske oplysninger via Google Analytics<\/strong><\/p>\n<p>Vi bruger funktionen \u201cdemografiske kendetegn\u201d i Google Analytics. Den genererer rapporter om alder, k\u00f8n og interesser baseret p\u00e5 Google\u2019s interessebaserede annoncering og oplysninger fra tredjepart. Data kan ikke knyttes til enkeltpersoner. Du kan sl\u00e5 funktionen fra via dine Google-kontoindstillinger eller ved at deaktivere Google Analytics-dataindsamling som beskrevet under \u201cModstand mod databehandling\u201d.<\/p>\n<p><strong>Pinterest-plugin<\/strong><\/p>\n<p>Denne hjemmeside bruger funktioner fra Pinterest (Pinterest Inc., 808 Brannan Street, San\u202fFrancisco, CA\u202f94103\u2011490, USA). N\u00e5r du bes\u00f8ger en side med Pinterest-funktion, etablerer din browser forbindelse til Pinterest-servere i USA, og logdata (s\u00e5som IP-adresse, bes\u00f8gte URLs, browsertype, dato\/tid, cookieoplysninger) sendes til dem.<\/p>\n<p>L\u00e6s mere om dette i Pinterest\u2019s privatlivspolitik:<br \/>\n<a href=\"https:\/\/about.pinterest.com\/de\/privacy-policy\">https:\/\/about.pinterest.com\/de\/privacy-policy<\/a><\/p>\n<p><strong>Google AdWords og konverteringssporing<\/strong><\/p>\n<p>Vi bruger Google AdWords (Google Inc., 1600 Amphitheatre Parkway, Mountain View, CA\u202f94043, USA) med konverteringssporing. N\u00e5r du klikker p\u00e5 en annonce, gemmes en cookie. Den bruges til at registrere, at du n\u00e5ede frem til vores hjemmeside og har en levetid p\u00e5 30 dage. Cookien identificerer dig ikke personligt. Hver AdWords-kunde f\u00e5r sin egen cookie, som ikke kan spores p\u00e5 tv\u00e6rs af kunders hjemmesider.<\/p>\n<p>Konverterings-cookies bruges til at m\u00e5le, hvor mange brugere klikker og gennemf\u00f8rer \u00f8nskede handlinger. Annonc\u00f8rer f\u00e5r kun oplysninger om klik og konverteringer \u2013 ikke persondata. Du kan frav\u00e6lge sporing ved at deaktivere konverteringscookies i browserens indstillinger.<\/p>\n<p>Behandling med \u201cConversion-Cookies\u201d sker i henhold til artikel 6, stk.\u202f1, lit.\u202ff\u202fGDPR. Vi har legitime interesser i at analysere brugeradf\u00e6rd til optimering af vores tilbud og annoncering.<\/p>\n<p>L\u00e6s mere om AdWords og konverteringssporing i Googles privatlivspolitik:<br \/>\n<a href=\"https:\/\/www.google.de\/policies\/privacy\/\">https:\/\/www.google.de\/policies\/privacy\/<\/a><\/p>\n<p>Dine browserindstillinger og cookies<\/p>\n<p>Deaktivering af cookies via din browser kan p\u00e5virke funktionerne p\u00e5 vores hjemmeside.<\/p>\n<p>Lad mig vide, hvis du \u00f8nsker en justeret eller mere formel version!<\/p>\n<\/div><\/section>\n<\/div><\/div><\/div><!-- close content main div --><\/div><\/div><div id='after_section_1'  class='main_color av_default_container_wrap container_wrap sidebar_right'  ><div class='container av-section-cont-open' ><div class='template-page content  av-content-small alpha units'><div class='post-entry post-entry-type-page post-entry-682'><div class='entry-content-wrapper clearfix'>\n","protected":false},"excerpt":{"rendered":"","protected":false},"author":2,"featured_media":0,"parent":0,"menu_order":0,"comment_status":"closed","ping_status":"open","template":"","meta":{"footnotes":""},"class_list":["post-682","page","type-page","status-publish","hentry"],"_links":{"self":[{"href":"https:\/\/www.ig-cube.de\/da\/wp-json\/wp\/v2\/pages\/682","targetHints":{"allow":["GET"]}}],"collection":[{"href":"https:\/\/www.ig-cube.de\/da\/wp-json\/wp\/v2\/pages"}],"about":[{"href":"https:\/\/www.ig-cube.de\/da\/wp-json\/wp\/v2\/types\/page"}],"author":[{"embeddable":true,"href":"https:\/\/www.ig-cube.de\/da\/wp-json\/wp\/v2\/users\/2"}],"replies":[{"embeddable":true,"href":"https:\/\/www.ig-cube.de\/da\/wp-json\/wp\/v2\/comments?post=682"}],"version-history":[{"count":14,"href":"https:\/\/www.ig-cube.de\/da\/wp-json\/wp\/v2\/pages\/682\/revisions"}],"predecessor-version":[{"id":1288,"href":"https:\/\/www.ig-cube.de\/da\/wp-json\/wp\/v2\/pages\/682\/revisions\/1288"}],"wp:attachment":[{"href":"https:\/\/www.ig-cube.de\/da\/wp-json\/wp\/v2\/media?parent=682"}],"curies":[{"name":"wp","href":"https:\/\/api.w.org\/{rel}","templated":true}]}}