{"id":674,"date":"2019-02-08T09:50:32","date_gmt":"2019-02-08T08:50:32","guid":{"rendered":"https:\/\/www.ig-cube.de\/afdruk\/"},"modified":"2026-01-22T14:46:08","modified_gmt":"2026-01-22T13:46:08","slug":"afdruk","status":"publish","type":"page","link":"https:\/\/www.ig-cube.de\/nl\/afdruk\/","title":{"rendered":"Afdruk"},"content":{"rendered":"\n<style type=\"text\/css\" data-created_by=\"avia_inline_auto\" id=\"style-css-av-m67za211-33058fcd7c2e48c84b49afabaa7327af\">\n#top .av-special-heading.av-m67za211-33058fcd7c2e48c84b49afabaa7327af{\npadding-bottom:10px;\n}\nbody .av-special-heading.av-m67za211-33058fcd7c2e48c84b49afabaa7327af .av-special-heading-tag .heading-char{\nfont-size:25px;\n}\n.av-special-heading.av-m67za211-33058fcd7c2e48c84b49afabaa7327af .av-subheading{\nfont-size:15px;\n}\n<\/style>\n<div  class='av-special-heading av-m67za211-33058fcd7c2e48c84b49afabaa7327af av-special-heading-h1 blockquote modern-quote  avia-builder-el-0  el_before_av_section  avia-builder-el-no-sibling '><h1 class='av-special-heading-tag'  itemprop=\"headline\"  >Afdruk<\/h1><div class=\"special-heading-border\"><div class=\"special-heading-inner-border\"><\/div><\/div><\/div>\n<\/div><\/div><\/div><!-- close content main div --><\/div><\/div><div id='av_section_1'  class='avia-section av-tcxt-3bafd37a8c61ff814c221de1973baee8 main_color avia-section-default avia-no-border-styling  avia-builder-el-1  el_after_av_heading  avia-builder-el-last  avia-bg-style-scroll container_wrap sidebar_right'  ><div class='container av-section-cont-open' ><div class='template-page content  av-content-small alpha units'><div class='post-entry post-entry-type-page post-entry-674'><div class='entry-content-wrapper clearfix'>\n<section  class='av_textblock_section av-m67z9rbr-b54f00e28bf38f5a4381ced784e0c76d '   itemscope=\"itemscope\" itemtype=\"https:\/\/schema.org\/CreativeWork\" ><div class='avia_textblock'  itemprop=\"text\" ><p>IG-CUBE, vestiging Hamburg Freesienweg 45 22395 Hamburg Duitsland<\/p>\n<p>Algemeen directeur: R\u00fcdiger F\u00fcrle<\/p>\n<p>Arrondissementsrechtbank Hamburg HRB Hamburg UST-Id.<\/p>\n<p>E-Mail:info@ig-cube.de<br \/>\nTelefoon: +49 (0) 40 94 78 72 30 (Let op: Onder dit telefoonnummer kunnen we een adviesdienst aanbieden.<br \/>\nFax: (+49) 040-32127345200 (Let op: Dit faxnummer is alleen beschikbaar voor bestellingen.<\/p>\n<p><strong>Klantenservice<\/strong><\/p>\n<p>IG-CUBE Freesienweg 45 22395 Hamburg Duitsland E-mail:<a href=\"mailto:info@ig-cube.de\">info@ig-cube.de<\/a> Telefoon: +49 (0) 40 &#8211; 84 20 61 21<\/p>\n<p>Verantwoordelijk voor de inhoud: R\u00fcdiger F\u00fcrle Productbeheer: R\u00fcdiger F\u00fcrle<\/p>\n<p>Nieuws: Lena F\u00fcrle<\/p>\n<p>Verkoop: R\u00fcdiger F\u00fcrle E-mail: info@ig-cube.de<\/p>\n<p>D<strong>isclaimer<\/strong> Ondanks zorgvuldige controle van de inhoud aanvaarden wij geen aansprakelijkheid voor de inhoud van externe links. Alleen de beheerders van de gelinkte pagina&#8217;s zijn verantwoordelijk voor de inhoud ervan. Afbeeldingen en illustraties zijn vrijgegeven voor publicatie met toestemming van de auteur; dit is productinformatie voor de klant,<\/p>\n<p>Alle verstrekte informatie &#8211; inclusief uittreksels &#8211; mag alleen worden verspreid of anderszins gepubliceerd met schriftelijke toestemming van IG-CUBE. Het is in geen geval toegestaan om de verkregen informatie online of via andere media te verspreiden of commercieel te gebruiken!<\/p>\n<p>T<strong>echnologiepartner voor IG-CUBE producten<\/strong> Hartmann Aluminium, Hamburg Tischlerei Evers, Ammersbek Mordhorst \u00d6kologischer Holzhandel, Hamburg<\/p>\n<p>G<strong>eschillenregeling<\/strong> Wij nemen niet deel aan een alternatieve geschillenregeling, maar u kunt wel contact opnemen met onze klantenservice. Je kunt ons bijvoorbeeld in alle zaken bereiken op <a class=\"nonblock\" href=\"mailto:info@ig-cube.de\">info@ig-cube.de.<\/a><\/p>\n<\/div><\/section>\n<section  class='av_textblock_section av-m681s712-a1b24178a80bba83eeb01f37d2e03a55 '   itemscope=\"itemscope\" itemtype=\"https:\/\/schema.org\/CreativeWork\" ><div class='avia_textblock'  itemprop=\"text\" ><p><strong>Realisatie en ontwerp<\/strong><br \/>\nAlexander L\u00f6tsch<br \/>\n<a href=\"https:\/\/site-guru.de\/\">Site-Guru<\/a> Hamburg<\/p>\n<\/div><\/section>\n<\/div><\/div><\/div><!-- close content main div --><\/div><\/div><div id='after_section_1'  class='main_color av_default_container_wrap container_wrap sidebar_right'  ><div class='container av-section-cont-open' ><div class='template-page content  av-content-small alpha units'><div class='post-entry post-entry-type-page post-entry-674'><div class='entry-content-wrapper clearfix'>\n","protected":false},"excerpt":{"rendered":"","protected":false},"author":2,"featured_media":0,"parent":0,"menu_order":0,"comment_status":"closed","ping_status":"closed","template":"","meta":{"footnotes":""},"class_list":["post-674","page","type-page","status-publish","hentry"],"_links":{"self":[{"href":"https:\/\/www.ig-cube.de\/nl\/wp-json\/wp\/v2\/pages\/674","targetHints":{"allow":["GET"]}}],"collection":[{"href":"https:\/\/www.ig-cube.de\/nl\/wp-json\/wp\/v2\/pages"}],"about":[{"href":"https:\/\/www.ig-cube.de\/nl\/wp-json\/wp\/v2\/types\/page"}],"author":[{"embeddable":true,"href":"https:\/\/www.ig-cube.de\/nl\/wp-json\/wp\/v2\/users\/2"}],"replies":[{"embeddable":true,"href":"https:\/\/www.ig-cube.de\/nl\/wp-json\/wp\/v2\/comments?post=674"}],"version-history":[{"count":17,"href":"https:\/\/www.ig-cube.de\/nl\/wp-json\/wp\/v2\/pages\/674\/revisions"}],"predecessor-version":[{"id":1268,"href":"https:\/\/www.ig-cube.de\/nl\/wp-json\/wp\/v2\/pages\/674\/revisions\/1268"}],"wp:attachment":[{"href":"https:\/\/www.ig-cube.de\/nl\/wp-json\/wp\/v2\/media?parent=674"}],"curies":[{"name":"wp","href":"https:\/\/api.w.org\/{rel}","templated":true}]}}